{"id":286,"date":"2016-10-31T13:17:59","date_gmt":"2016-10-31T16:17:59","guid":{"rendered":"https:\/\/esea-tuc.infd.edu.ar\/sitio\/?page_id=286"},"modified":"2026-04-20T10:35:02","modified_gmt":"2026-04-20T13:35:02","slug":"entrada","status":"publish","type":"page","link":"https:\/\/esea-tuc.infd.edu.ar\/sitio\/","title":{"rendered":"OFERTA EDUCATIVA"},"content":{"rendered":"\n<div class=\"wp-block-buttons is-layout-flex\">\n<div class=\"wp-block-button\"><a class=\"wp-block-button__link wp-element-button\" href=\"https:\/\/esea-tuc.infd.edu.ar\/sitio\/inscripciones-2024\/\">Informate aqu\u00ed<\/a><\/div>\n<\/div>\n\n\n\n<div class=\"wp-block-columns is-layout-flex wp-container-5\">\n<div class=\"wp-block-column is-layout-flow\" style=\"flex-basis:100%\">\n<figure class=\"wp-block-gallery has-nested-images columns-default is-cropped wp-block-gallery-2 is-layout-flex\">\n<figure class=\"wp-block-image size-large\"><img decoding=\"async\" loading=\"lazy\" width=\"687\" height=\"200\" src=\"https:\/\/esea-tuc.infd.edu.ar\/sitio\/wp-content\/uploads\/2024\/09\/01.jpg\" alt=\"\" class=\"wp-image-2142\"\/><\/figure>\n<\/figure>\n<\/div>\n<\/div>\n\n\n<!--[if lt IE 9]><script>document.createElement('audio');<\/script><![endif]-->\n<audio class=\"wp-audio-shortcode\" id=\"audio-286-1\" preload=\"none\" style=\"width: 100%;\" controls=\"controls\"><source type=\"audio\/mpeg\" src=\"https:\/\/esea-tuc.infd.edu.ar\/sitio\/wp-content\/uploads\/2023\/09\/Atahualpa-Yupanqui-La-Del-CampoMP3_160K.mp3?_=1\" \/><a href=\"https:\/\/esea-tuc.infd.edu.ar\/sitio\/wp-content\/uploads\/2023\/09\/Atahualpa-Yupanqui-La-Del-CampoMP3_160K.mp3\">https:\/\/esea-tuc.infd.edu.ar\/sitio\/wp-content\/uploads\/2023\/09\/Atahualpa-Yupanqui-La-Del-CampoMP3_160K.mp3<\/a><\/audio>\n<h1 style=\"text-align: center;\">HORARIOS \u00c1REA <strong>M\u00daSICA<\/strong> 2026<\/h1>\n\n\n<div class=\"wp-block-file aligncenter\"><a id=\"wp-block-file--media-2fccc287-4722-46d9-b1be-ae86941abe1b\" href=\"https:\/\/esea-tuc.infd.edu.ar\/sitio\/wp-content\/uploads\/2026\/04\/HORARIOS-AREA-MUSICA-2026-3.xlsx\">HORARIOS-AREA-MUSICA-2026-3<\/a><a href=\"https:\/\/esea-tuc.infd.edu.ar\/sitio\/wp-content\/uploads\/2026\/04\/HORARIOS-AREA-MUSICA-2026-3.xlsx\" class=\"wp-block-file__button wp-element-button\" download aria-describedby=\"wp-block-file--media-2fccc287-4722-46d9-b1be-ae86941abe1b\">Descarga<\/a><\/div>\n\n\n\n<figure class=\"wp-block-image size-large\"><img decoding=\"async\" loading=\"lazy\" width=\"1343\" height=\"1900\" src=\"https:\/\/esea-tuc.infd.edu.ar\/sitio\/wp-content\/uploads\/2026\/04\/VACANTES-1343x1900.jpg\" alt=\"\" class=\"wp-image-2453\" srcset=\"https:\/\/esea-tuc.infd.edu.ar\/sitio\/wp-content\/uploads\/2026\/04\/VACANTES-1343x1900.jpg 1343w, https:\/\/esea-tuc.infd.edu.ar\/sitio\/wp-content\/uploads\/2026\/04\/VACANTES-707x1000.jpg 707w, https:\/\/esea-tuc.infd.edu.ar\/sitio\/wp-content\/uploads\/2026\/04\/VACANTES-768x1086.jpg 768w, https:\/\/esea-tuc.infd.edu.ar\/sitio\/wp-content\/uploads\/2026\/04\/VACANTES-1086x1536.jpg 1086w, https:\/\/esea-tuc.infd.edu.ar\/sitio\/wp-content\/uploads\/2026\/04\/VACANTES-1448x2048.jpg 1448w, https:\/\/esea-tuc.infd.edu.ar\/sitio\/wp-content\/uploads\/2026\/04\/VACANTES.jpg 1587w\" sizes=\"(max-width: 1343px) 100vw, 1343px\" \/><\/figure>\n\n\n<div class=\"wp-block-image\">\n<figure class=\"aligncenter size-large is-resized\"><img decoding=\"async\" loading=\"lazy\" src=\"https:\/\/esea-tuc.infd.edu.ar\/sitio\/wp-content\/uploads\/2026\/04\/CARTEL-LENGUAJE-ADULTOS-1343x1900.jpg\" alt=\"\" class=\"wp-image-2437\" width=\"400\" height=\"565\" srcset=\"https:\/\/esea-tuc.infd.edu.ar\/sitio\/wp-content\/uploads\/2026\/04\/CARTEL-LENGUAJE-ADULTOS-1343x1900.jpg 1343w, https:\/\/esea-tuc.infd.edu.ar\/sitio\/wp-content\/uploads\/2026\/04\/CARTEL-LENGUAJE-ADULTOS-707x1000.jpg 707w, https:\/\/esea-tuc.infd.edu.ar\/sitio\/wp-content\/uploads\/2026\/04\/CARTEL-LENGUAJE-ADULTOS-768x1086.jpg 768w, https:\/\/esea-tuc.infd.edu.ar\/sitio\/wp-content\/uploads\/2026\/04\/CARTEL-LENGUAJE-ADULTOS-1086x1536.jpg 1086w, https:\/\/esea-tuc.infd.edu.ar\/sitio\/wp-content\/uploads\/2026\/04\/CARTEL-LENGUAJE-ADULTOS-1448x2048.jpg 1448w, https:\/\/esea-tuc.infd.edu.ar\/sitio\/wp-content\/uploads\/2026\/04\/CARTEL-LENGUAJE-ADULTOS-scaled.jpg 1810w\" sizes=\"(max-width: 400px) 100vw, 400px\" \/><\/figure><\/div>\n\n<ul class=\"wp-block-latest-posts__list is-grid columns-3 wp-block-latest-posts\"><li><div class=\"wp-block-latest-posts__featured-image\"><img width=\"500\" height=\"500\" src=\"https:\/\/esea-tuc.infd.edu.ar\/sitio\/wp-content\/uploads\/2026\/04\/flyer-inscripciones-2-500x500.jpg\" class=\"attachment-thumbnail size-thumbnail wp-post-image\" alt=\"\" decoding=\"async\" loading=\"lazy\" style=\"\" \/><\/div><a class=\"wp-block-latest-posts__post-title\" href=\"https:\/\/esea-tuc.infd.edu.ar\/sitio\/seguimos-inscribiendo\/\">Seguimos inscribiendo!<\/a><\/li>\n<li><div class=\"wp-block-latest-posts__featured-image\"><img width=\"500\" height=\"500\" src=\"https:\/\/esea-tuc.infd.edu.ar\/sitio\/wp-content\/uploads\/2026\/03\/WhatsApp-Image-2026-03-20-at-10.55.17-500x500.jpeg\" class=\"attachment-thumbnail size-thumbnail wp-post-image\" alt=\"\" decoding=\"async\" loading=\"lazy\" style=\"\" \/><\/div><a class=\"wp-block-latest-posts__post-title\" href=\"https:\/\/esea-tuc.infd.edu.ar\/sitio\/tae-visuales-mas-info-en-taevisuales-ig\/\">TAE VISUALES, MAS INFO EN @TAEVISUALES (IG).<\/a><\/li>\n<li><div class=\"wp-block-latest-posts__featured-image\"><img width=\"500\" height=\"500\" src=\"https:\/\/esea-tuc.infd.edu.ar\/sitio\/wp-content\/uploads\/2026\/03\/flyer-musica-1-500x500.png\" class=\"attachment-thumbnail size-thumbnail wp-post-image\" alt=\"\" decoding=\"async\" loading=\"lazy\" style=\"\" \/><\/div><a class=\"wp-block-latest-posts__post-title\" href=\"https:\/\/esea-tuc.infd.edu.ar\/sitio\/atencion-a-partir-del-25-3-solo-en-los-espacios-donde-queden-vacantes-seran-los-habilitados-para-seleccionar-al-hacer-el-formulario-llenar-el-formulario-y-llevar-la-documentacion-requerida\/\">Atenci\u00f3n!! a partir del 25\/3, s\u00f3lo en los espacios donde queden vacantes! Llenar el formulario y llevar la documentaci\u00f3n requerida.<\/a><\/li>\n<li><div class=\"wp-block-latest-posts__featured-image\"><img width=\"500\" height=\"500\" src=\"https:\/\/esea-tuc.infd.edu.ar\/sitio\/wp-content\/uploads\/2026\/02\/inscripciones-visuales-500x500.jpg\" class=\"attachment-thumbnail size-thumbnail wp-post-image\" alt=\"\" decoding=\"async\" loading=\"lazy\" style=\"\" \/><\/div><a class=\"wp-block-latest-posts__post-title\" href=\"https:\/\/esea-tuc.infd.edu.ar\/sitio\/inscripciones-tae-visuales\/\">Inscripciones TAE visuales<\/a><\/li>\n<li><div class=\"wp-block-latest-posts__featured-image\"><img width=\"500\" height=\"500\" src=\"https:\/\/esea-tuc.infd.edu.ar\/sitio\/wp-content\/uploads\/2026\/02\/QR-inscrip-MUSICA-2026-500x500.png\" class=\"attachment-thumbnail size-thumbnail wp-post-image\" alt=\"\" decoding=\"async\" loading=\"lazy\" style=\"\" \/><\/div><a class=\"wp-block-latest-posts__post-title\" href=\"https:\/\/esea-tuc.infd.edu.ar\/sitio\/codigo-qr-inscripcion\/\">C\u00f3digo QR inscripci\u00f3n.<\/a><\/li>\n<\/ul>\n\n<ul class=\"wp-block-latest-posts__list wp-block-latest-posts\"><li><a class=\"wp-block-latest-posts__post-title\" href=\"https:\/\/esea-tuc.infd.edu.ar\/sitio\/seguimos-inscribiendo\/\">Seguimos inscribiendo!<\/a><\/li>\n<li><a class=\"wp-block-latest-posts__post-title\" href=\"https:\/\/esea-tuc.infd.edu.ar\/sitio\/tae-visuales-mas-info-en-taevisuales-ig\/\">TAE VISUALES, MAS INFO EN @TAEVISUALES (IG).<\/a><\/li>\n<li><a class=\"wp-block-latest-posts__post-title\" href=\"https:\/\/esea-tuc.infd.edu.ar\/sitio\/atencion-a-partir-del-25-3-solo-en-los-espacios-donde-queden-vacantes-seran-los-habilitados-para-seleccionar-al-hacer-el-formulario-llenar-el-formulario-y-llevar-la-documentacion-requerida\/\">Atenci\u00f3n!! a partir del 25\/3, s\u00f3lo en los espacios donde queden vacantes! Llenar el formulario y llevar la documentaci\u00f3n requerida.<\/a><\/li>\n<li><a class=\"wp-block-latest-posts__post-title\" href=\"https:\/\/esea-tuc.infd.edu.ar\/sitio\/inscripciones-tae-visuales\/\">Inscripciones TAE visuales<\/a><\/li>\n<li><a class=\"wp-block-latest-posts__post-title\" href=\"https:\/\/esea-tuc.infd.edu.ar\/sitio\/codigo-qr-inscripcion\/\">C\u00f3digo QR inscripci\u00f3n.<\/a><\/li>\n<\/ul>\n\n\n<h4 class=\"wp-block-heading\">La Escuela Superior de Educaci\u00f3n Art\u00edstica ofrece:<\/h4>\n\n\n\n<ul>\n<li>Secundario Especializado con dos orientaciones: M\u00fasica en Vivo y Danzas de Origen esc\u00e9nico.<\/li>\n\n\n\n<li>Talleres para ni\u00f1os y adultos.<\/li>\n\n\n\n<li>&nbsp;Taller de Orquesta.<\/li>\n\n\n\n<li>Taller de Coro para ni\u00f1os. <\/li>\n\n\n\n<li>Taller de Coro para j\u00f3venes y adultos.<\/li>\n\n\n\n<li>Ciclos de&nbsp;Formaci\u00f3n B\u00e1sica en M\u00fasica y Danza. FoBa.<\/li>\n\n\n\n<li>Trayectos Art\u00edsticos Espec\u00edficos en Danza Cl\u00e1sica.<\/li>\n\n\n\n<li>Trayectos Art\u00edsticos Espec\u00edficos en M\u00fasica  Acad\u00e9mica (TAE) y en M\u00fasica Popular (TAEMP).<\/li>\n\n\n\n<li>Trayecto Art\u00edstico Espec\u00edfico en Artes Visuales.<\/li>\n\n\n\n<li>&nbsp;Profesorados&nbsp;de Danza con especializaci\u00f3n en Folklore&nbsp;y&nbsp;Expresi\u00f3n Corporal.<\/li>\n\n\n\n<li>Taller de Idioma Extranjero: Franc\u00e9s.<\/li>\n\n\n\n<li>Taller de Comunicaci\u00f3n Popular.&nbsp;<\/li>\n<\/ul>\n\n\n\n<hr class=\"wp-block-separator has-alpha-channel-opacity\"\/>\n\n\n\n<h1 class=\"wp-block-heading\">ESEA<\/h1>\n\n\n\n<h3 class=\"wp-block-heading has-vivid-cyan-blue-to-vivid-purple-gradient-background has-background\">Modalidad Art\u00edstica<\/h3>\n\n\n\n<div class=\"wp-block-columns is-layout-flex wp-container-8\">\n<div class=\"wp-block-column is-layout-flow\">\n<p>Turno Ma\u00f1ana 08:00 -12:00 horas <\/p>\n\n\n\n<p><strong>Danza<\/strong><\/p>\n\n\n\n<ul>\n<li class=\"has-small-font-size\">TALLER DE DANZA CLASICA PARA NI\u00d1OS NIVEL I (5 Y 6 A\u00d1OS)<\/li>\n\n\n\n<li class=\"has-small-font-size\">TALLER DE DANZA CLASICA PARA NI\u00d1OS NIVEL II (7 Y 8 A\u00d1OS)<\/li>\n\n\n\n<li class=\"has-small-font-size\">CICLO INICIAL EN DANZA CLASICA I &nbsp;(9 \u2013 10 \u2013 11 A\u00d1OS)<\/li>\n<\/ul>\n<\/div>\n\n\n\n<div class=\"wp-block-column is-layout-flow\">\n<p>Turno Tarde 14:00 &#8211; 20:00 horas<\/p>\n\n\n\n<p><strong>Danza<\/strong><\/p>\n\n\n\n<ul>\n<li class=\"has-small-font-size\">TALLER DE DANZA CLASICA PARA NI\u00d1OS NIVEL I (5 Y 6 A\u00d1OS)<\/li>\n\n\n\n<li class=\"has-small-font-size\">TALLER DE DANZA CLASICA PARA NI\u00d1OS NIVEL II (7 Y 8 A\u00d1OS)<\/li>\n\n\n\n<li class=\"has-small-font-size\">CICLO INICIAL EN DANZA CLASICA I (9 \u2013 10 \u2013 11 A\u00d1OS)<\/li>\n\n\n\n<li class=\"has-small-font-size\">TALLER DE EXPRESION CORPORAL (14 A\u00d1OS EN ADELANTE)<\/li>\n\n\n\n<li class=\"has-small-font-size\">TALLER DE ELONGACION\/STRETCHING PARA BAILARINES NIVEL I<\/li>\n\n\n\n<li class=\"has-small-font-size\">TALLER DE ELONGACION\/STRETCHING PARA BAILARINES NIVEL II<\/li>\n\n\n\n<li class=\"has-small-font-size\">TALLER DE DANZAS FOLKLORICAS NIVEL I (12 A\u00d1OS EN ADELANTE)<\/li>\n\n\n\n<li class=\"has-small-font-size\">TALLER DE DANZAS FOLKLORICAS NIVEL II (C\/CONOCIMIENTO 14 A\u00d1OS EN ADELANTE)<\/li>\n\n\n\n<li class=\"has-small-font-size\">TALLER DE PUNTAS PARA DANZA CLASICA NIVEL I (C\/CONOCIMIENTO 12 A\u00d1OS EN ADELANTE)<\/li>\n\n\n\n<li class=\"has-small-font-size\">TALLER DE PUNTAS PARA DANZA CLASICA NIVEL II (C\/CONOCIMIENTO 14 A\u00d1OS EN ADELANTE)<\/li>\n<\/ul>\n<\/div>\n<\/div>\n\n\n\n<hr class=\"wp-block-separator has-alpha-channel-opacity\"\/>\n\n\n\n<h1 class=\"wp-block-heading has-luminous-vivid-amber-to-luminous-vivid-orange-gradient-background has-background\">M\u00fasica<\/h1>\n\n\n\n<div class=\"wp-block-columns are-vertically-aligned-top has-pale-ocean-gradient-background has-background is-layout-flex wp-container-12\">\n<div class=\"wp-block-column is-vertically-aligned-top is-layout-flow\">\n<h6 class=\"wp-block-heading has-small-font-size\" style=\"font-style:normal;font-weight:400\">TALLER DE LENGUAJE MUSICAL Y EXPRESION CORPORAL (NI\u00d1OS DE 7 A 9 A\u00d1OS)<\/h6>\n\n\n\n<h6 class=\"wp-block-heading has-small-font-size\" style=\"font-style:normal;font-weight:400\">TALLER INICIAL DE LENGUAJE MUSICAL E INSTRUMENTO (10 Y 11 A\u00d1OS)<\/h6>\n\n\n\n<h6 class=\"wp-block-heading has-small-font-size\" style=\"font-style:normal;font-weight:400\">TALLER DE UKELELE PARA NI\u00d1OS<\/h6>\n\n\n\n<h6 class=\"wp-block-heading has-small-font-size\" style=\"font-style:normal;font-weight:400\">TALLER DE UKELELE JOVENES Y ADULTOS (12 A\u00d1OS EN ADELANTE)<\/h6>\n\n\n\n<h6 class=\"wp-block-heading has-small-font-size\" style=\"font-style:normal;font-weight:400\">TALLER DE CHARANGO PARA JOVENES Y ADULTOS (16 A\u00d1OS EN ADELANTE)<\/h6>\n\n\n\n<p class=\"has-small-font-size\">TALLER DE FLAUTA (10 A\u00d1OS EN ADELANTE)<\/p>\n\n\n\n<p class=\"has-small-font-size\">TALLER DE FLAUTA PARA NI\u00d1OS (7,8,9,A\u00d1OS)<\/p>\n\n\n\n<h6 class=\"wp-block-heading has-small-font-size\" style=\"font-style:normal;font-weight:400\">TALLER DE CANTO (16 A\u00d1OS EN ADELANTE)<\/h6>\n<\/div>\n\n\n\n<div class=\"wp-block-column is-vertically-aligned-top has-small-font-size is-layout-flow\" style=\"flex-basis:210px\">\n<p>TALLER DE DANZAS FOLCLORICAS<\/p>\n\n\n\n<p>TALLER DE TECLADO<\/p>\n\n\n\n<p>TALLER DE PIANO<\/p>\n\n\n\n<p>TALLER DE GUITARRA<\/p>\n\n\n\n<p>TALLER DE VIOLIN<\/p>\n\n\n\n<p class=\"has-small-font-size\" id=\"block-cc0c1cb8-02ab-4586-84be-7d197c42848a\">TALLER DE VIOLA<\/p>\n\n\n\n<p class=\"has-small-font-size\" id=\"block-37cda7b3-8477-4d72-8095-844d82c2c2b9\">TALLER DE VIOLONCELLO<\/p>\n\n\n\n<p class=\"has-small-font-size\" id=\"block-08807600-7e65-4308-918c-ba46f8c66a3f\">TALLER DE CONTRABAJO<\/p>\n\n\n\n<p>TALLER DE PERCUSI\u00d3N<\/p>\n<\/div>\n\n\n\n<div class=\"wp-block-column is-vertically-aligned-top is-layout-flow\">\n<h6 class=\"wp-block-heading has-small-font-size\" style=\"font-style:normal;font-weight:400\">TALLER DE CLARINETE<\/h6>\n\n\n\n<h6 class=\"wp-block-heading has-small-font-size\" style=\"font-style:normal;font-weight:400\">TALLER DE TROMPETA<\/h6>\n\n\n\n<h6 class=\"wp-block-heading has-small-font-size\" style=\"font-style:normal;font-weight:400\">TALLER DE TROMBON<\/h6>\n\n\n\n<h6 class=\"wp-block-heading has-small-font-size\" style=\"font-style:normal;font-weight:400\">TALLER DE TUBA<\/h6>\n\n\n\n<h6 class=\"wp-block-heading has-small-font-size\" style=\"font-style:normal;font-weight:400\">TALLER DE SAXO<\/h6>\n\n\n\n<h6 class=\"wp-block-heading has-small-font-size\" style=\"font-style:normal;font-weight:400\">CORO DE NI\u00d1OS<\/h6>\n\n\n\n<p class=\"has-small-font-size\">CORO DE J\u00d3VENES\/ADULTOS<\/p>\n<\/div>\n<\/div>\n\n\n\n<hr class=\"wp-block-separator has-alpha-channel-opacity\"\/>\n\n\n\n<h5 class=\"wp-block-heading\">FOBA \u2013 FORMACI\u00d3N B\u00c1SICA EN M\u00daSICA<\/h5>\n\n\n\n<h6 class=\"wp-block-heading\"><strong>DURACI\u00d3N 2 A\u00d1OS \u2013&nbsp; INGRESO SIN CONOCIMIENTOS \u2013&nbsp;EDAD: 12 A\u00d1OS EN ADELANTE<\/strong><\/h6>\n\n\n\n<div class=\"wp-block-columns has-background is-layout-flex wp-container-16\" style=\"background:linear-gradient(135deg,rgb(196,238,127) 0%,rgb(113,206,126) 100%)\">\n<div class=\"wp-block-column has-small-font-size is-layout-flow\">\n<p>PIANO<\/p>\n\n\n\n<p>GUITARRA<\/p>\n\n\n\n<p>VIOLIN<\/p>\n\n\n\n<p>CONTRABAJO<\/p>\n<\/div>\n\n\n\n<div class=\"wp-block-column has-small-font-size is-layout-flow\">\n<p>FLAUTA TRAVERSA<\/p>\n\n\n\n<p>CLARINETE<\/p>\n\n\n\n<p>TROMPETA<\/p>\n\n\n\n<p>TROMBON<\/p>\n<\/div>\n\n\n\n<div class=\"wp-block-column has-small-font-size is-layout-flow\">\n<p>TUBA<\/p>\n\n\n\n<p>PERCUSION<\/p>\n\n\n\n<p>SAXO<\/p>\n\n\n\n<p>CANTO<\/p>\n<\/div>\n<\/div>\n\n\n\n<hr class=\"wp-block-separator has-alpha-channel-opacity\"\/>\n\n\n\n<h5 class=\"wp-block-heading\">TAEMP &#8211; M\u00fasica Popular<\/h5>\n\n\n\n<h6 class=\"wp-block-heading\"><strong>Trayecto Art\u00edstico Especifico en M\u00fasica Popular<\/strong><\/h6>\n\n\n\n<h6 class=\"wp-block-heading\">4 a\u00f1os<\/h6>\n\n\n\n<div class=\"wp-block-columns has-background is-layout-flex wp-container-20\" style=\"background:linear-gradient(135deg,rgb(241,192,226) 0%,rgb(152,150,240) 100%)\">\n<div class=\"wp-block-column has-small-font-size is-layout-flow\">\n<p>PIANO<\/p>\n\n\n\n<p>GUITARRA<\/p>\n\n\n\n<p>VIOLIN<\/p>\n\n\n\n<p>CONTRABAJO<\/p>\n<\/div>\n\n\n\n<div class=\"wp-block-column has-small-font-size is-layout-flow\">\n<p>FLAUTA TRAVERSA<\/p>\n\n\n\n<p>CLARINETE<\/p>\n\n\n\n<p>TROMPETA<\/p>\n\n\n\n<p>TROMBON<\/p>\n<\/div>\n\n\n\n<div class=\"wp-block-column has-small-font-size is-layout-flow\">\n<p>TUBA<\/p>\n\n\n\n<p>PERCUSION<\/p>\n\n\n\n<p>SAXO<\/p>\n\n\n\n<p>CANTO<\/p>\n<\/div>\n<\/div>\n\n\n\n<hr class=\"wp-block-separator has-alpha-channel-opacity is-style-wide\"\/>\n\n\n\n<h5 class=\"wp-block-heading\">Idioma Extranjero<\/h5>\n\n\n\n<ul class=\"has-small-font-size\">\n<li>TALLER DE IDIOMA EXTRANJERO: FRANCES NIVEL I<\/li>\n<\/ul>\n\n\n\n<hr class=\"wp-block-separator has-alpha-channel-opacity\"\/>\n\n\n\n<h4 class=\"wp-block-heading\">Turno Noche &#8211; 19:00 a 21:00 horas<\/h4>\n\n\n\n<h5 class=\"wp-block-heading\">TAE Visuales<\/h5>\n\n\n\n<h6 class=\"wp-block-heading\"><strong>Trayecto Art\u00edstico Especifico en Artes Visuales<\/strong><\/h6>\n\n\n\n<div class=\"wp-block-columns is-layout-flex wp-container-23\">\n<div class=\"wp-block-column is-layout-flow\">\n<h6 class=\"wp-block-heading has-small-font-size\"><strong>DURACION: 4 A\u00d1OS<\/strong><\/h6>\n<\/div>\n\n\n\n<div class=\"wp-block-column is-layout-flow\">\n<h6 class=\"wp-block-heading has-small-font-size\">REQUISITOS:&nbsp;<\/h6>\n\n\n\n<ul>\n<li class=\"has-small-font-size\">14 A\u00d1OS DE EDAD&nbsp;<\/li>\n\n\n\n<li class=\"has-small-font-size\">CONSTANCIA DE ALUMNO REGULAR DEL NIVEL SECUNDARIO<\/li>\n\n\n\n<li class=\"has-small-font-size\">O CONSTANCIA de TITULO SECUNDARIO<\/li>\n<\/ul>\n<\/div>\n<\/div>\n\n\n\n<div class=\"wp-block-file\"><object class=\"wp-block-file__embed\" data=\"https:\/\/esea-tuc.infd.edu.ar\/sitio\/wp-content\/uploads\/2024\/09\/GRILLA-HORARIOS-TAE.pdf\" type=\"application\/pdf\" style=\"width:100%;height:600px\" aria-label=\"Incrustado de Horarios y contenidos TAE Visuales.\"><\/object><a id=\"wp-block-file--media-e524b485-1bcb-49df-9522-7b4a22ae7b08\" href=\"https:\/\/esea-tuc.infd.edu.ar\/sitio\/wp-content\/uploads\/2024\/09\/GRILLA-HORARIOS-TAE.pdf\">Horarios y contenidos TAE Visuales<\/a><a href=\"https:\/\/esea-tuc.infd.edu.ar\/sitio\/wp-content\/uploads\/2024\/09\/GRILLA-HORARIOS-TAE.pdf\" class=\"wp-block-file__button wp-element-button\" download aria-describedby=\"wp-block-file--media-e524b485-1bcb-49df-9522-7b4a22ae7b08\">Descarga<\/a><\/div>\n\n\n\n<hr class=\"wp-block-separator has-alpha-channel-opacity\"\/>\n\n\n\n<h5 class=\"wp-block-heading\">Taller de Comunicaci\u00f3n Popular Nivel I<\/h5>\n\n\n\n<div class=\"wp-block-columns is-layout-flex wp-container-25\">\n<div class=\"wp-block-column is-layout-flow\">\n<h6 class=\"wp-block-heading has-small-font-size\"><strong>DURACION: 1 A\u00d1O<\/strong><\/h6>\n<\/div>\n<\/div>\n\n\n\n<h5 class=\"wp-block-heading\">Taller de Comunicaci\u00f3n Popular Nivel II<\/h5>\n\n\n\n<div class=\"wp-block-columns is-layout-flex wp-container-27\">\n<div class=\"wp-block-column is-layout-flow\">\n<h6 class=\"wp-block-heading has-small-font-size\"><strong>DURACION: 1 A\u00d1O<\/strong><\/h6>\n\n\n\n<hr class=\"wp-block-separator has-alpha-channel-opacity\"\/>\n<\/div>\n<\/div>\n\n\n\n<div class=\"wp-block-buttons is-layout-flex\"><\/div>\n\n\n\n<figure class=\"wp-block-gallery has-nested-images columns-default is-cropped wp-block-gallery-29 is-layout-flex\"><\/figure>\n\n\n\n<figure class=\"wp-block-gallery has-nested-images columns-default is-cropped wp-block-gallery-31 is-layout-flex\"><\/figure>\n\n\n\n<figure class=\"wp-block-image\"><img decoding=\"async\" loading=\"lazy\" width=\"1080\" height=\"1350\" src=\"https:\/\/esea-tuc.infd.edu.ar\/sitio\/wp-content\/uploads\/2026\/03\/flyer-musica.png\" alt=\"\" class=\"wp-image-2372\" srcset=\"https:\/\/esea-tuc.infd.edu.ar\/sitio\/wp-content\/uploads\/2026\/03\/flyer-musica.png 1080w, https:\/\/esea-tuc.infd.edu.ar\/sitio\/wp-content\/uploads\/2026\/03\/flyer-musica-800x1000.png 800w, https:\/\/esea-tuc.infd.edu.ar\/sitio\/wp-content\/uploads\/2026\/03\/flyer-musica-768x960.png 768w\" sizes=\"(max-width: 1080px) 100vw, 1080px\" \/><\/figure>\n\n\n\n<figure class=\"wp-block-image\"><img alt=\"\"\/><\/figure>\n\n\n\n<figure class=\"wp-block-image\"><img alt=\"\"\/><\/figure>\n\n\n\n<div class=\"wp-block-media-text alignwide is-stacked-on-mobile\"><figure class=\"wp-block-media-text__media\"><\/figure><div class=\"wp-block-media-text__content\">\n<p><\/p>\n<\/div><\/div>\n\n\n\n<div class=\"wp-block-media-text alignwide is-stacked-on-mobile\"><figure class=\"wp-block-media-text__media\"><\/figure><div class=\"wp-block-media-text__content\">\n<p><\/p>\n<\/div><\/div>\n\n\n\n<div class=\"wp-block-media-text alignwide is-stacked-on-mobile\"><figure class=\"wp-block-media-text__media\"><\/figure><div class=\"wp-block-media-text__content\">\n<p><\/p>\n<\/div><\/div>\n\n\n\n\n\n<figure class=\"wp-block-image\"><img alt=\"\"\/><\/figure>\n","protected":false},"excerpt":{"rendered":"<p>HORARIOS \u00c1REA M\u00daSICA 2026 La Escuela Superior de Educaci\u00f3n Art\u00edstica ofrece: ESEA Modalidad Art\u00edstica Turno Ma\u00f1ana 08:00 -12:00 horas Danza Turno Tarde 14:00 &#8211; 20:00 horas Danza M\u00fasica TALLER DE LENGUAJE MUSICAL Y EXPRESION CORPORAL (NI\u00d1OS DE 7 A 9 A\u00d1OS) TALLER INICIAL DE LENGUAJE MUSICAL E INSTRUMENTO (10 Y 11 A\u00d1OS) TALLER DE UKELELE &#8230; <a title=\"OFERTA EDUCATIVA\" class=\"read-more\" href=\"https:\/\/esea-tuc.infd.edu.ar\/sitio\/\" aria-label=\"More on OFERTA EDUCATIVA\">[+]<\/a><\/p>\n","protected":false},"author":1,"featured_media":0,"parent":0,"menu_order":2,"comment_status":"closed","ping_status":"closed","template":"","meta":[],"acf":[],"_links":{"self":[{"href":"https:\/\/esea-tuc.infd.edu.ar\/sitio\/wp-json\/wp\/v2\/pages\/286"}],"collection":[{"href":"https:\/\/esea-tuc.infd.edu.ar\/sitio\/wp-json\/wp\/v2\/pages"}],"about":[{"href":"https:\/\/esea-tuc.infd.edu.ar\/sitio\/wp-json\/wp\/v2\/types\/page"}],"author":[{"embeddable":true,"href":"https:\/\/esea-tuc.infd.edu.ar\/sitio\/wp-json\/wp\/v2\/users\/1"}],"replies":[{"embeddable":true,"href":"https:\/\/esea-tuc.infd.edu.ar\/sitio\/wp-json\/wp\/v2\/comments?post=286"}],"version-history":[{"count":420,"href":"https:\/\/esea-tuc.infd.edu.ar\/sitio\/wp-json\/wp\/v2\/pages\/286\/revisions"}],"predecessor-version":[{"id":2454,"href":"https:\/\/esea-tuc.infd.edu.ar\/sitio\/wp-json\/wp\/v2\/pages\/286\/revisions\/2454"}],"wp:attachment":[{"href":"https:\/\/esea-tuc.infd.edu.ar\/sitio\/wp-json\/wp\/v2\/media?parent=286"}],"curies":[{"name":"wp","href":"https:\/\/api.w.org\/{rel}","templated":true}]}}