{"id":715,"date":"2020-08-08T18:39:16","date_gmt":"2020-08-08T21:39:16","guid":{"rendered":"https:\/\/esea-tuc.infd.edu.ar\/sitio\/?page_id=715"},"modified":"2025-08-12T20:49:43","modified_gmt":"2025-08-12T23:49:43","slug":"autoridades","status":"publish","type":"page","link":"https:\/\/esea-tuc.infd.edu.ar\/sitio\/autoridades\/","title":{"rendered":"Autoridades"},"content":{"rendered":"<blockquote>\n<p style=\"text-align: center;\"><strong>DIRECTOR<\/strong><\/p>\n<\/blockquote>\n<p style=\"text-align: center;\"><strong>NIVEL SUPERIOR<\/strong><\/p>\n<p style=\"text-align: center;\">Prof. Arga\u00f1ar\u00e1z Marcos Gabriel<\/p>\n<p style=\"text-align: center;\"><strong>VICE DIRECTORA \u00c1REA DANZA<\/strong><\/p>\n<p style=\"text-align: center;\"><strong>NIVEL SUPERIOR<\/strong><\/p>\n<p style=\"text-align: center;\">Prof. Figueroa Cecilia<\/p>\n<p style=\"text-align: center;\"><strong>VICE DIRECTOR \u00c1REA <\/strong><b>M\u00daSICA<\/b><\/p>\n<p style=\"text-align: center;\"><strong>NIVEL SUPERIOR<\/strong><\/p>\n<p style=\"text-align: center;\">Prof. Urue\u00f1a Francisco<\/p>\n<p style=\"text-align: center;\"><strong>VICE DIRECTORA &#8211; NIVEL SECUNDARIO<\/strong><\/p>\n<p style=\"text-align: center;\">Prof. Dragone Teresa<\/p>\n<p style=\"text-align: center;\"><strong>DIRECTORA DE BALLET<\/strong><\/p>\n<p style=\"text-align: center;\">Prof. Sir Jessica<\/p>\n<p style=\"text-align: center;\"><strong>DIRECTOR DE ORQUESTA<\/strong><\/p>\n<p style=\"text-align: center;\">Prof. Ale Walter<\/p>\n<p style=\"text-align: center;\"><strong>SECRETARIA \u00c1REA DANZA<\/strong><\/p>\n<p style=\"text-align: center;\"><strong>SECRETARIA \u00c1REA M\u00daSICA<\/strong><\/p>\n<p style=\"text-align: center;\">Prof. Saltor Soledad<\/p>\n<p style=\"text-align: center;\"><strong>PROFESOR AUXILIAR DOCENTE &#8211; \u00c1REA M\u00daSICA<\/strong><\/p>\n<p style=\"text-align: center;\">Prof. Flores Ruarte Juan Jos\u00e9<\/p>\n<p style=\"text-align: center;\">Prof. Calvo Carlos Mart\u00edn<\/p>\n<p style=\"text-align: center;\"><strong>ASESORA PEDAG\u00d3GICA<\/strong><\/p>\n<p style=\"text-align: center;\">Lic. Bengler Natali<\/p>\n<p style=\"text-align: center;\"><strong>PSIC\u00d3LOGA<\/strong><\/p>\n<p style=\"text-align: center;\"><strong>BIBLIOTECARIO<\/strong><\/p>\n<p style=\"text-align: center;\">Prof. L\u00f3pez Alejandro<\/p>\n<p style=\"text-align: center;\"><strong>AYUDANTES DE SECRETARIA &#8211; NIVEL MEDIO<\/strong><\/p>\n<table style=\"height: 301px;\" width=\"1019\">\n<tbody>\n<tr>\n<td style=\"text-align: center;\" width=\"252\">Ginard F\u00e1tima Celina<\/td>\n<\/tr>\n<tr>\n<td style=\"text-align: center;\">Rodr\u00edguez Liliana<\/td>\n<\/tr>\n<tr>\n<td style=\"text-align: center;\">Zapata Myriam<\/p>\n<p>Reyes Joel<\/p>\n<p>Medina Germ\u00e1n<\/p>\n<p>C\u00e1ceres Diego<\/td>\n<\/tr>\n<\/tbody>\n<\/table>\n<p style=\"text-align: center;\"><strong style=\"text-align: center;\">AUXILIAR DOCENTE &#8211; NIVEL SUPERIOR<\/strong><\/p>\n<table style=\"height: 185px;\" width=\"1020\">\n<tbody>\n<tr>\n<td style=\"text-align: center;\" width=\"252\">Formoso Mar\u00eda Elvira<\/p>\n<p>Arroyo Myriam<\/p>\n<p>Liz\u00e1rraga Ana Carolina<\/td>\n<\/tr>\n<tr>\n<td style=\"text-align: center;\"><\/td>\n<\/tr>\n<\/tbody>\n<\/table>\n<p style=\"text-align: center;\"><strong style=\"text-align: center;\">PRECEPTORES &#8211; NIVEL SECUNDARIO<\/strong><\/p>\n<table style=\"height: 274px;\" width=\"1022\">\n<tbody>\n<tr>\n<td style=\"text-align: center;\" width=\"252\">Nieto Gabriela<\/td>\n<\/tr>\n<tr>\n<td style=\"text-align: center;\">Ablanedo Ver\u00f3nica<\/p>\n<p>Godoy Carlos<\/td>\n<\/tr>\n<tr>\n<td style=\"text-align: center;\">\n<table style=\"width: 1006px; text-align: start; height: 90px;\" width=\"252\">\n<tbody>\n<tr>\n<td style=\"text-align: center;\">Mart\u00ednez Armando Andr\u00e9s<\/td>\n<\/tr>\n<tr>\n<td style=\"text-align: center;\"><\/td>\n<\/tr>\n<\/tbody>\n<\/table>\n<\/td>\n<\/tr>\n<\/tbody>\n<\/table>\n<p><img decoding=\"async\" loading=\"lazy\" class=\" wp-image-367 aligncenter\" style=\"text-align: center;\" src=\"https:\/\/esea-tuc.infd.edu.ar\/sitio\/wp-content\/uploads\/2016\/10\/home-3-300x98.jpg\" alt=\"\" width=\"680\" height=\"222\" srcset=\"https:\/\/esea-tuc.infd.edu.ar\/sitio\/wp-content\/uploads\/2016\/10\/home-3-300x98.jpg 300w, https:\/\/esea-tuc.infd.edu.ar\/sitio\/wp-content\/uploads\/2016\/10\/home-3-768x250.jpg 768w, https:\/\/esea-tuc.infd.edu.ar\/sitio\/wp-content\/uploads\/2016\/10\/home-3-1024x334.jpg 1024w, https:\/\/esea-tuc.infd.edu.ar\/sitio\/wp-content\/uploads\/2016\/10\/home-3.jpg 1891w\" sizes=\"(max-width: 680px) 100vw, 680px\" \/><\/p>\n","protected":false},"excerpt":{"rendered":"<p>DIRECTOR NIVEL SUPERIOR Prof. Arga\u00f1ar\u00e1z Marcos Gabriel VICE DIRECTORA \u00c1REA DANZA NIVEL SUPERIOR Prof. Figueroa Cecilia VICE DIRECTOR \u00c1REA M\u00daSICA NIVEL SUPERIOR Prof. Urue\u00f1a Francisco VICE DIRECTORA &#8211; NIVEL SECUNDARIO Prof. Dragone Teresa DIRECTORA DE BALLET Prof. Sir Jessica DIRECTOR DE ORQUESTA Prof. Ale Walter SECRETARIA \u00c1REA DANZA SECRETARIA \u00c1REA M\u00daSICA Prof. Saltor Soledad PROFESOR &#8230; <a title=\"Autoridades\" class=\"read-more\" href=\"https:\/\/esea-tuc.infd.edu.ar\/sitio\/autoridades\/\" aria-label=\"More on Autoridades\">[+]<\/a><\/p>\n","protected":false},"author":21,"featured_media":0,"parent":0,"menu_order":0,"comment_status":"closed","ping_status":"closed","template":"","meta":[],"acf":[],"_links":{"self":[{"href":"https:\/\/esea-tuc.infd.edu.ar\/sitio\/wp-json\/wp\/v2\/pages\/715"}],"collection":[{"href":"https:\/\/esea-tuc.infd.edu.ar\/sitio\/wp-json\/wp\/v2\/pages"}],"about":[{"href":"https:\/\/esea-tuc.infd.edu.ar\/sitio\/wp-json\/wp\/v2\/types\/page"}],"author":[{"embeddable":true,"href":"https:\/\/esea-tuc.infd.edu.ar\/sitio\/wp-json\/wp\/v2\/users\/21"}],"replies":[{"embeddable":true,"href":"https:\/\/esea-tuc.infd.edu.ar\/sitio\/wp-json\/wp\/v2\/comments?post=715"}],"version-history":[{"count":10,"href":"https:\/\/esea-tuc.infd.edu.ar\/sitio\/wp-json\/wp\/v2\/pages\/715\/revisions"}],"predecessor-version":[{"id":2259,"href":"https:\/\/esea-tuc.infd.edu.ar\/sitio\/wp-json\/wp\/v2\/pages\/715\/revisions\/2259"}],"wp:attachment":[{"href":"https:\/\/esea-tuc.infd.edu.ar\/sitio\/wp-json\/wp\/v2\/media?parent=715"}],"curies":[{"name":"wp","href":"https:\/\/api.w.org\/{rel}","templated":true}]}}