{"id":801,"date":"2020-08-13T14:47:00","date_gmt":"2020-08-13T17:47:00","guid":{"rendered":"https:\/\/esea-tuc.infd.edu.ar\/sitio\/?page_id=801"},"modified":"2022-03-09T11:14:15","modified_gmt":"2022-03-09T14:14:15","slug":"t-a-e","status":"publish","type":"page","link":"https:\/\/esea-tuc.infd.edu.ar\/sitio\/t-a-e\/","title":{"rendered":"Trayecto Art\u00edstico Espec\u00edfico en M\u00fasica"},"content":{"rendered":"<p style=\"text-align: center;\"><strong>TRAYECTO ARTISTICO ESPECIFICO EN M\u00daSICA (4 A\u00d1OS)<\/strong><\/p>\n<p style=\"text-align: center;\">PIANO &#8211; GUITARRA &#8211; VIOLIN \u2013 CONTRABAJO &#8211; CLARINETE &#8211; FLAUTA TRAVERSA \u2013 SAXO- TROMPETA \u2013 TROMBON &#8211;<\/p>\n<p style=\"text-align: left;\"><em><strong>PRIMER A\u00d1O<\/strong><\/em><\/p>\n<p style=\"text-align: center;\"><strong>INSTRUMENTO I &#8211;\u00a0<\/strong>SOLICITAR TURNO<\/p>\n<p style=\"text-align: center;\"><strong>LENGUAJE MUSICAL I &#8211;\u00a0<\/strong>PROF.\u00a0 JOAQU\u00cdN PERALTA &#8211; D\u00cdA:\u00a0 LUNES &#8211; 16:40 A 18:50 HS. AULA 9 Y MIERCOLES: 16:40 A 17:20 HS. &#8211; AULA: 1<\/p>\n<p style=\"text-align: center;\"><strong>INSTRUMENTO COMPLEMENTARIO I<\/strong> &#8211; SOLICITAR TURNO<\/p>\n<p style=\"text-align: center;\"><strong>TALLER I \u2013 PRACTICA CORAL &#8211;\u00a0<\/strong>PROF. VALERIA ALBARRAC\u00cdN &#8211; D\u00cdA:\u00a0 LUNES &#8211; 14:40 A 15:20 HS. &#8211; DIA JUEVES &#8211; 17:20 A 18:40 HS. &#8211; AULA: 10<\/p>\n<p style=\"text-align: center;\"><strong>SEMINARIO I \u2013 CONJUNTO VOCAL I\/INSTRUMENTAL <\/strong>&#8211; PROF. CORONEL EXEQUIEL &#8211; DIA MARTES &#8211; 17:40 A 19:40 HS. &#8211; AULA 2<\/p>\n<p style=\"text-align: left;\"><em><strong>SEGUNDO A\u00d1O<\/strong><\/em><\/p>\n<p style=\"text-align: center;\"><strong>INSTRUMENTO II &#8211; <\/strong>SOLICITAR TURNO<\/p>\n<p style=\"text-align: center;\"><strong>LENGUAJE MUSICAL II &#8211;<\/strong> PROF. HADDA IBARRA &#8211; D\u00cdA:\u00a0 VIERNES &#8211; 14:40 A 16:00 HS. &#8211; AULA: 10<\/p>\n<p style=\"text-align: center;\"><strong>INSTRUMENTO COMPLEMENTARIO II <\/strong>&#8211; SOLICITAR TURNO<\/p>\n<p style=\"text-align: center;\"><strong>LENGUAJE CORPORAL<\/strong> &#8211; PROF. NATALIA HERN\u00c1NDEZ &#8211; D\u00cdA:\u00a0 MI\u00c9RCOLES &#8211; 14:00 A 16:00 HS. &#8211; AULA: SALON DE DANZA O AULA 6<\/p>\n<p style=\"text-align: center;\"><strong>TALLER II &#8211; ENSAMBLE &#8211;\u00a0<\/strong>PROF. JORGE IRACHET &#8211; D\u00cdA: MI\u00c9RCOLES &#8211; 16:10 A 18:10 HS. &#8211; AULA: 10<\/p>\n<p style=\"text-align: center;\"><span style=\"color: #ff0000;\"><strong>SEMINARIO II \u2013 MUSICA UNIVERSAL &#8211; VACANTE &#8211; DIA LUNES &#8211; 18:30 A 19:50 &#8211; AULA 1<\/strong><\/span><\/p>\n<hr \/>\n<p style=\"text-align: left;\"><em><strong>TERCER A\u00d1O<\/strong><\/em><\/p>\n<p style=\"text-align: center;\"><strong>INSTRUMENTO III<\/strong> &#8211; SOLICITAR TURNO<\/p>\n<p style=\"text-align: center;\"><strong>LENGUAJE MUSICAL III<\/strong> &#8211; PROF.\u00a0 KALBERMATTER CHRISTIAN &#8211; D\u00cdA: LUNES &#8211; 14:00 A 16:00 HS. AULA: 3<\/p>\n<p style=\"text-align: center;\"><strong>ARMONIA I <\/strong>&#8211; PROF. PABLO VISCIDO &#8211; D\u00cdA: LUNES Y MI\u00c9RCOLES &#8211; 17:30 A 18:50 HS. &#8211;\u00a0\u00a0AULA: 3<\/p>\n<p style=\"text-align: center;\"><strong>IMPROVISACION &#8211;\u00a0<\/strong>PROF. JOS\u00c9 DANIEL &#8211; D\u00cdA: MARTES &#8211; 18:00 A 19:20\u00a0 HS. AULA: 16<\/p>\n<p style=\"text-align: center;\"><span style=\"color: #ff0000;\"><strong>TALLER III \u2013 PRACTICA ORQUESTAL I &#8211;<\/strong> (SOLO INSTRUMENTOS DE ORQUESTA) &#8211; DIA JUEVES &#8211; 16:00 A 18:00 HS &#8211; AULA 1 &#8211; VACANTE<\/span><\/p>\n<p style=\"text-align: center;\"><b>\u00a0TALLER III &#8211; ARMONIZACI\u00d3N Y ACOMPA\u00d1AMIENTO <\/b>(S\u00d3LO PIANO Y GUITARRA) &#8211; PROF. CLAUDIA NIEVA &#8211; D\u00cdA: JUEVES: 14:00 A 16:00 HS. &#8211; AULA: 2<\/p>\n<p style=\"text-align: center;\"><strong>SEMINARIO III \u2013 MUSICA ARGENTINA Y LATINOAMERICANA &#8211;\u00a0<\/strong>PROF. RICARDO HURTADO &#8211; D\u00cdA: MARTES: 14:40 A 16:00 HS. &#8211; AULA: 5<\/p>\n<hr \/>\n<p style=\"text-align: center;\"><strong>CUARTO A\u00d1O<\/strong><\/p>\n<p style=\"text-align: center;\"><strong>INSTRUMENTO IV <\/strong>&#8211; SOLICITAR TURNO<\/p>\n<p style=\"text-align: center;\"><strong>ARMONIA II Y ANALISIS MUSICAL<\/strong> &#8211; PROF. PABLO VISCIDO &#8211; D\u00cdA: MARTES: 17:30 A 18:50 HS. &#8211; AULA : 5 &#8211; JUEVES: 17:30 A 18:50HS. &#8211; AULA: 9<\/p>\n<p style=\"text-align: center;\"><strong>\u00a0<\/strong><strong>GESTION MUSICAL Y PRODUCCION DE ESPECTACULOS &#8211;\u00a0<\/strong>PROF. EDUARDO KESER &#8211; D\u00cdA: LUNES: 18:00 A 20:00 HS. &#8211;\u00a0 MI\u00c9RCOLES: 16:00 A 18:00 HS. AULA: 5<\/p>\n<p style=\"text-align: center;\"><span style=\"color: #ff0000;\"><strong>TALLER IV \u2013 PRACTICA ORQUESTAL II &#8211; DIA MARTES &#8211; 15:20 A 17:20 &#8211; AULA: 1 &#8211; VACANTE<\/strong><\/span><\/p>\n<p><strong>TALLER IV &#8211; COMPOSICION Y ARREGLOS (PIANO Y GUITARRA)<\/strong> &#8211; PROF. NOGALES GUSTAVO &#8211; DIA JUEVES &#8211; 15:30 A 17:30 HS. AULA 5<\/p>\n<p style=\"text-align: center;\"><strong>SEMINARIO IV \u2013 INFORMATICA MUSICAL &#8211;\u00a0<\/strong>PROF. PABLO VISCIDO &#8211; D\u00cdA: MARTES: 18:50 A 20:10 HS. -AULA: 5<\/p>\n<hr \/>\n<p style=\"text-align: center;\"><strong>TITULO: INTERPRETE EN MUSICA \u2013 INSTRUMENTO ELEGIDO<\/strong><\/p>\n","protected":false},"excerpt":{"rendered":"<p>TRAYECTO ARTISTICO ESPECIFICO EN M\u00daSICA (4 A\u00d1OS) PIANO &#8211; GUITARRA &#8211; VIOLIN \u2013 CONTRABAJO &#8211; CLARINETE &#8211; FLAUTA TRAVERSA \u2013 SAXO- TROMPETA \u2013 TROMBON &#8211; PRIMER A\u00d1O INSTRUMENTO I &#8211;\u00a0SOLICITAR TURNO LENGUAJE MUSICAL I &#8211;\u00a0PROF.\u00a0 JOAQU\u00cdN PERALTA &#8211; D\u00cdA:\u00a0 LUNES &#8211; 16:40 A 18:50 HS. AULA 9 Y MIERCOLES: 16:40 A 17:20 HS. &#8211; AULA: &#8230; <a title=\"Trayecto Art\u00edstico Espec\u00edfico en M\u00fasica\" class=\"read-more\" href=\"https:\/\/esea-tuc.infd.edu.ar\/sitio\/t-a-e\/\" aria-label=\"More on Trayecto Art\u00edstico Espec\u00edfico en M\u00fasica\">[+]<\/a><\/p>\n","protected":false},"author":21,"featured_media":0,"parent":0,"menu_order":0,"comment_status":"closed","ping_status":"closed","template":"","meta":[],"acf":[],"_links":{"self":[{"href":"https:\/\/esea-tuc.infd.edu.ar\/sitio\/wp-json\/wp\/v2\/pages\/801"}],"collection":[{"href":"https:\/\/esea-tuc.infd.edu.ar\/sitio\/wp-json\/wp\/v2\/pages"}],"about":[{"href":"https:\/\/esea-tuc.infd.edu.ar\/sitio\/wp-json\/wp\/v2\/types\/page"}],"author":[{"embeddable":true,"href":"https:\/\/esea-tuc.infd.edu.ar\/sitio\/wp-json\/wp\/v2\/users\/21"}],"replies":[{"embeddable":true,"href":"https:\/\/esea-tuc.infd.edu.ar\/sitio\/wp-json\/wp\/v2\/comments?post=801"}],"version-history":[{"count":31,"href":"https:\/\/esea-tuc.infd.edu.ar\/sitio\/wp-json\/wp\/v2\/pages\/801\/revisions"}],"predecessor-version":[{"id":1502,"href":"https:\/\/esea-tuc.infd.edu.ar\/sitio\/wp-json\/wp\/v2\/pages\/801\/revisions\/1502"}],"wp:attachment":[{"href":"https:\/\/esea-tuc.infd.edu.ar\/sitio\/wp-json\/wp\/v2\/media?parent=801"}],"curies":[{"name":"wp","href":"https:\/\/api.w.org\/{rel}","templated":true}]}}