{"id":812,"date":"2020-08-13T14:54:35","date_gmt":"2020-08-13T17:54:35","guid":{"rendered":"https:\/\/esea-tuc.infd.edu.ar\/sitio\/?page_id=812"},"modified":"2022-03-09T11:00:47","modified_gmt":"2022-03-09T14:00:47","slug":"t-a-e-m-p","status":"publish","type":"page","link":"https:\/\/esea-tuc.infd.edu.ar\/sitio\/t-a-e-m-p\/","title":{"rendered":"Trayecto Art\u00edstico Especifico en M\u00fasica Popular"},"content":{"rendered":"<p style=\"text-align: center;\"><strong>TRAYECTO ARTISTICO ESPECIFICO EN MUSICA POPULAR (4 A\u00d1OS)<\/strong><\/p>\n<p style=\"text-align: center;\">CANTO \u2013 PIANO\u00a0 \u2013 GUITARRA &#8211; VIOLIN \u2013 BAJO \u2013 CLARINETE &#8211; FLAUTA TRAVERSA \u2013 SAXO &#8211; TROMPETA \u2013 TROMBON &#8211; PERCUSION \u2013<\/p>\n<p><em><strong>PRIMER A\u00d1O<\/strong><\/em><\/p>\n<p style=\"text-align: center;\"><strong>INSTRUMENTO I &#8211; <\/strong>SOLICITAR TURNO<\/p>\n<p style=\"text-align: center;\"><strong>LENGUAJE MUSICAL I &#8211;\u00a0<\/strong>PROF. PERALTA JOAQU\u00cdN &#8211; D\u00cdA: MIERCOLES: 17:20 A 19:30 HS. &#8211; AULA : 1<\/p>\n<p style=\"text-align: center;\"><strong>CONJUNTO VOCAL\/INSTRUMENTAL I &#8211;\u00a0<\/strong>PROF. RICARDO CARRIZO &#8211; D\u00cdA: MARTES: 14:00 A 16:00\u00a0 HS. AULA : 2<\/p>\n<p style=\"text-align: center;\"><span style=\"color: #ff0000;\"><strong>TALLER I:\u00a0<\/strong><\/span><b><span style=\"color: #ff0000;\">DANZAS FOLKL\u00d3RICAS (VACANTE)<\/span>\u00a0<\/b><\/p>\n<p style=\"text-align: center;\"><strong>SEMINARIO I: INSTRUMENTOS AUTOCTONOS &#8211;\u00a0<\/strong>PROF. JOS\u00c9 MOLINA &#8211; TURNO: TARDE &#8211; D\u00cdA: LUNES &#8211; HORARIO: 18:50 A 20.10 HS. &#8211; AULA: 16<\/p>\n<p style=\"text-align: center;\"><strong>SEMINARIO I: FUNCIONAMIENTO DE LA VOZ (TAEMP DE CANTO)<\/strong> &#8211; PROF. LUCIANA ROBLES &#8211; AULA: 19<\/p>\n<hr \/>\n<p><em><strong>SEGUNDO A\u00d1O<\/strong><\/em><\/p>\n<p style=\"text-align: center;\"><strong>INSTRUMENTO II<\/strong><\/p>\n<p style=\"text-align: center;\"><strong>LENGUAJE MUSICAL\u00a0 II<\/strong> &#8211; PROF. JORGE GIRBAU &#8211; TURNO: TARDE &#8211; D\u00cdA: MIERCOLES &#8211;\u00a0 HORARIO: 17:30 A 19:30 HS. &#8211; AULA : 13 (EDIFICIO DE DANZA)<\/p>\n<p style=\"text-align: center;\"><b>\u00a0\u00a0\u00a0\u00a0\u00a0<\/b><strong>CONJUNTO VOCAL\/INSTRUMENTAL II<\/strong> &#8211;\u00a0PROF. MAR\u00cdA VICTORIA PERALTA PRIETO &#8211; TURNO: TARDE &#8211;\u00a0D\u00cdA: VIERNES &#8211; HORARIO: 18:40 A 20:40\u00a0 HS. &#8211;\u00a0AULA : 1<\/p>\n<p style=\"text-align: center;\"><b>\u00a0<\/b>\u00a0<b>EXPRESI\u00d3N CORPORAL<\/b>\u00a0 &#8211; PROF. NATALIA HERN\u00c1NDEZ- TURNO: TARDE &#8211; D\u00cdA: MI\u00c9RCOLES\u00a0 &#8211; HORARIO: 16:00 A 17:20\u00a0 HS.\u00a0 &#8211; AULA : SALON DE DANZA O AULA 6<\/p>\n<p style=\"text-align: center;\"><strong>SEMINARIO II: INSTRUMENTACION Y ARREGLOS EN MUSICA POPULAR<\/strong> &#8211; PROF. GUSTAVO NOGALES &#8211; TURNO: TARDE &#8211; D\u00cdA: JUEVES &#8211; HORARIO: 17:50 A 19.10 HS. &#8211; AULA: 5<\/p>\n<hr \/>\n<p><em><strong>TERCER A\u00d1O<\/strong><\/em><\/p>\n<p style=\"text-align: center;\"><strong>INSTRUMENTO III<\/strong><\/p>\n<p style=\"text-align: center;\"><strong>LENGUAJE MUSICAL III<\/strong> &#8211; PROF. PABLO VISCIDO\u00a0 &#8211; TURNO: TARDE &#8211; D\u00cdA: LUNES Y MI\u00c9RCOLES\u00a0 &#8211;\u00a0 HORARIO:16:00 A 17:20\u00a0 HS. &#8211; AULA : 3<\/p>\n<p style=\"text-align: center;\"><strong>\u00a0\u00a0\u00a0\u00a0\u00a0PRODUCCION Y ANALISIS MUSICAL I &#8211;\u00a0<\/strong>PROF. CARLOS\u00a0 AR\u00c9VALO\u00a0 &#8211; TURNO: TARDE &#8211; D\u00cdA:\u00a0 VIERNES &#8211; HORARIO: 14:00 A 16:00 HS. &#8211; AULA : <b>16\u00a0 \u00a0 \u00a0<\/b><\/p>\n<p style=\"text-align: center;\"><strong>INSTRUMENTO COMPLEMENTARIO I<\/strong><\/p>\n<p style=\"text-align: center;\"><strong>MUSICA POPULAR ARGENTINA &#8211;\u00a0<\/strong>PROF. RICARDO HURTADO- TURNO: TARDE &#8211; D\u00cdA: MARTES\u00a0 &#8211; HORARIO: 16:00 A 17:20\u00a0 HS.\u00a0 &#8211; AULA : 5<\/p>\n<p style=\"text-align: center;\"><strong>TALLER III:<\/strong> PERCUSI\u00d3N (OPTATIVO) &#8211;\u00a0PROF. JAVIER PODAZZA\u00a0 &#8211; TURNO: TARDE &#8211;\u00a0D\u00cdA: LUNES &#8211; HORARIO 18:30 A 19:50 HS &#8211;\u00a0AULA : 20<\/p>\n<p style=\"text-align: center;\"><span style=\"color: #ff0000;\"><strong>SEMINARIO III: IMPROVISACION Y COMPOSICION EN MUSICA POPULAR (VACANTE)<\/strong><\/span><\/p>\n<hr \/>\n<p><em><strong>CUARTO A\u00d1O<\/strong><\/em><\/p>\n<p style=\"text-align: center;\"><strong>INSTRUMENTO IV<\/strong><\/p>\n<p style=\"text-align: center;\"><strong>MUSICA POPULAR LATINOAMERICANA &#8211;<\/strong> PROF. GUSTAVO\u00a0 NOGALES\u00a0 &#8211; TURNO: TARDE &#8211; D\u00cdA: LUNES\u00a0 &#8211;\u00a0 HORARIO: 17:00 A 18:20\u00a0 HS. &#8211; AULA: 1<\/p>\n<p style=\"text-align: center;\"><strong>PRODUCCION Y ANALISIS MUSICAL II &#8211;\u00a0<\/strong>PROF. GUSTAVO NOGALES &#8211; TURNO: TARDE &#8211; D\u00cdA:\u00a0 VIERNES &#8211; HORARIO: 16:00 A 18:00 HS &#8211; AULA : 5<\/p>\n<p style=\"text-align: center;\"><strong>\u00a0<\/strong><strong>INSTRUMENTO COMPLEMENTARIO II<\/strong><\/p>\n<p style=\"text-align: center;\"><strong>ACUSTICA Y SONORIZACION &#8211;\u00a0<\/strong>PROF. PAOLA NUCCI- TURNO: TARDE &#8211; D\u00cdA: VIERNES\u00a0 &#8211; HORARIO: 14:00 A 16:00\u00a0 HS. -AULA: 5<\/p>\n<p style=\"text-align: center;\"><span style=\"color: #ff0000;\"><strong>PROYECTO DE PRODUCCION Y GESTION EN MUSICA POPULAR &#8211; VACANTE<\/strong><\/span><\/p>\n<p style=\"text-align: center;\"><strong>TALLER IV: PERCUSION &#8211; <\/strong>PROF. JAVIER PODAZZA\u00a0 &#8211; TURNO: TARDE &#8211; D\u00cdA: LUNES &#8211; HORARIO 17:00 A 18:20 HS &#8211; AULA : 20<\/p>\n<p style=\"text-align: center;\"><strong>SEMINARIO IV: MUSICA DIGITAL &#8211;\u00a0<\/strong>PROF. PABLO VISCIDO\u00a0 &#8211; TURNO: TARDE &#8211; D\u00cdA: LUNES &#8211; HORARIO 18:50 A 20:10 HS &#8211; AULA : 3<\/p>\n<hr \/>\n<p style=\"text-align: center;\"><strong>TITULO: INTERPRETE EN MUSICA POPULAR: INSTRUMENTO<\/strong><\/p>\n","protected":false},"excerpt":{"rendered":"<p>TRAYECTO ARTISTICO ESPECIFICO EN MUSICA POPULAR (4 A\u00d1OS) CANTO \u2013 PIANO\u00a0 \u2013 GUITARRA &#8211; VIOLIN \u2013 BAJO \u2013 CLARINETE &#8211; FLAUTA TRAVERSA \u2013 SAXO &#8211; TROMPETA \u2013 TROMBON &#8211; PERCUSION \u2013 PRIMER A\u00d1O INSTRUMENTO I &#8211; SOLICITAR TURNO LENGUAJE MUSICAL I &#8211;\u00a0PROF. PERALTA JOAQU\u00cdN &#8211; D\u00cdA: MIERCOLES: 17:20 A 19:30 HS. &#8211; AULA : 1 &#8230; <a title=\"Trayecto Art\u00edstico Especifico en M\u00fasica Popular\" class=\"read-more\" href=\"https:\/\/esea-tuc.infd.edu.ar\/sitio\/t-a-e-m-p\/\" aria-label=\"More on Trayecto Art\u00edstico Especifico en M\u00fasica Popular\">[+]<\/a><\/p>\n","protected":false},"author":21,"featured_media":0,"parent":0,"menu_order":0,"comment_status":"closed","ping_status":"closed","template":"","meta":[],"acf":[],"_links":{"self":[{"href":"https:\/\/esea-tuc.infd.edu.ar\/sitio\/wp-json\/wp\/v2\/pages\/812"}],"collection":[{"href":"https:\/\/esea-tuc.infd.edu.ar\/sitio\/wp-json\/wp\/v2\/pages"}],"about":[{"href":"https:\/\/esea-tuc.infd.edu.ar\/sitio\/wp-json\/wp\/v2\/types\/page"}],"author":[{"embeddable":true,"href":"https:\/\/esea-tuc.infd.edu.ar\/sitio\/wp-json\/wp\/v2\/users\/21"}],"replies":[{"embeddable":true,"href":"https:\/\/esea-tuc.infd.edu.ar\/sitio\/wp-json\/wp\/v2\/comments?post=812"}],"version-history":[{"count":19,"href":"https:\/\/esea-tuc.infd.edu.ar\/sitio\/wp-json\/wp\/v2\/pages\/812\/revisions"}],"predecessor-version":[{"id":1398,"href":"https:\/\/esea-tuc.infd.edu.ar\/sitio\/wp-json\/wp\/v2\/pages\/812\/revisions\/1398"}],"wp:attachment":[{"href":"https:\/\/esea-tuc.infd.edu.ar\/sitio\/wp-json\/wp\/v2\/media?parent=812"}],"curies":[{"name":"wp","href":"https:\/\/api.w.org\/{rel}","templated":true}]}}