{"id":816,"date":"2020-08-13T15:00:06","date_gmt":"2020-08-13T18:00:06","guid":{"rendered":"https:\/\/esea-tuc.infd.edu.ar\/sitio\/?page_id=816"},"modified":"2022-03-09T11:21:04","modified_gmt":"2022-03-09T14:21:04","slug":"foba","status":"publish","type":"page","link":"https:\/\/esea-tuc.infd.edu.ar\/sitio\/foba\/","title":{"rendered":"Formaci\u00f3n B\u00e1sica en M\u00fasica"},"content":{"rendered":"<p style=\"text-align: center;\"><strong>FORMACION BASICA EN MUSICA<\/strong><\/p>\n<p style=\"text-align: center;\">CANTO \u2013 PIANO &#8211;\u00a0 GUITARRA &#8211; VIOLIN \u2013 BAJO &#8211;\u00a0 CONTRABAJO &#8211; CLARINETE &#8211; FLAUTA TRAVERSA \u2013 SAXO- TROMPETA \u2013 PERCUSION \u2013<\/p>\n<p style=\"text-align: center;\"><strong>NIVEL I<\/strong><\/p>\n<p style=\"text-align: center;\"><b>TALLER DE LENGUAJE MUSICAL Y CANTO CORAL &#8211; <\/b><b>PROF. PABLO VISCIDO &#8211; <\/b><\/p>\n<p style=\"text-align: center;\">GRUPO 1: DIA MARTES &#8211; 15:30 A 17:30 HS. AULA 6<\/p>\n<p style=\"text-align: center;\">GRUPO 2: DIA JUEVES &#8211; 15:30 A 17:30 HS. AULA: 6<\/p>\n<p style=\"text-align: center;\"><strong>TALLER DE INSTRUMENTO I: SOLICITAR HORARIO<\/strong><\/p>\n<p style=\"text-align: center;\">\n<p style=\"text-align: center;\"><strong>NIVEL II<\/strong><\/p>\n<p style=\"text-align: center;\"><b>TALLER DE LENGUAJE MUSICAL Y CANTO CORAL II\u00a0<\/b><\/p>\n<p style=\"text-align: center;\">GRUPO 1: PROF.\u00a0 CLAUDIA NIEVA &#8211; DIA LUNES &#8211; 17:20 A 19:20 HS.<\/p>\n<p style=\"text-align: center;\"><span style=\"color: #ff0000;\">GRUPO 2: VACANTE &#8211; DIAS MARTES Y JUEVES &#8211; 14:20 A 15:20 HS.<\/span><\/p>\n<p style=\"text-align: center;\"><strong>TALLER DE INSTRUMENTO II: SOLICITAR HORARIO<\/strong><\/p>\n<p style=\"text-align: center;\"><strong>CERTIFICACION INSTITUCIONAL PARA INGRESAR A 1\u00b0 A\u00d1O DE LOS TRAYECTOS ARTISTICOS ESPECIFICOS EN MUSICA<\/strong><\/p>\n","protected":false},"excerpt":{"rendered":"<p>FORMACION BASICA EN MUSICA CANTO \u2013 PIANO &#8211;\u00a0 GUITARRA &#8211; VIOLIN \u2013 BAJO &#8211;\u00a0 CONTRABAJO &#8211; CLARINETE &#8211; FLAUTA TRAVERSA \u2013 SAXO- TROMPETA \u2013 PERCUSION \u2013 NIVEL I TALLER DE LENGUAJE MUSICAL Y CANTO CORAL &#8211; PROF. PABLO VISCIDO &#8211; GRUPO 1: DIA MARTES &#8211; 15:30 A 17:30 HS. AULA 6 GRUPO 2: DIA JUEVES &#8230; <a title=\"Formaci\u00f3n B\u00e1sica en M\u00fasica\" class=\"read-more\" href=\"https:\/\/esea-tuc.infd.edu.ar\/sitio\/foba\/\" aria-label=\"More on Formaci\u00f3n B\u00e1sica en M\u00fasica\">[+]<\/a><\/p>\n","protected":false},"author":21,"featured_media":0,"parent":0,"menu_order":0,"comment_status":"closed","ping_status":"closed","template":"","meta":[],"acf":[],"_links":{"self":[{"href":"https:\/\/esea-tuc.infd.edu.ar\/sitio\/wp-json\/wp\/v2\/pages\/816"}],"collection":[{"href":"https:\/\/esea-tuc.infd.edu.ar\/sitio\/wp-json\/wp\/v2\/pages"}],"about":[{"href":"https:\/\/esea-tuc.infd.edu.ar\/sitio\/wp-json\/wp\/v2\/types\/page"}],"author":[{"embeddable":true,"href":"https:\/\/esea-tuc.infd.edu.ar\/sitio\/wp-json\/wp\/v2\/users\/21"}],"replies":[{"embeddable":true,"href":"https:\/\/esea-tuc.infd.edu.ar\/sitio\/wp-json\/wp\/v2\/comments?post=816"}],"version-history":[{"count":11,"href":"https:\/\/esea-tuc.infd.edu.ar\/sitio\/wp-json\/wp\/v2\/pages\/816\/revisions"}],"predecessor-version":[{"id":1405,"href":"https:\/\/esea-tuc.infd.edu.ar\/sitio\/wp-json\/wp\/v2\/pages\/816\/revisions\/1405"}],"wp:attachment":[{"href":"https:\/\/esea-tuc.infd.edu.ar\/sitio\/wp-json\/wp\/v2\/media?parent=816"}],"curies":[{"name":"wp","href":"https:\/\/api.w.org\/{rel}","templated":true}]}}